{"id":2860,"date":"2022-04-14T14:00:50","date_gmt":"2022-04-14T14:00:50","guid":{"rendered":"https:\/\/www.riadinfinityandspa.com\/events\/"},"modified":"2022-05-10T08:14:20","modified_gmt":"2022-05-10T08:14:20","slug":"events","status":"publish","type":"page","link":"https:\/\/www.riadinfinityandspa.com\/en\/events\/","title":{"rendered":"Events"},"content":{"rendered":"\t\t<div data-elementor-type=\"wp-page\" data-elementor-id=\"2860\" class=\"elementor elementor-2860 elementor-19\">\n\t\t\t\t\t\t<section class=\"elementor-section elementor-top-section elementor-element elementor-element-b41172a elementor-section-stretched elementor-reverse-tablet elementor-section-boxed elementor-section-height-default elementor-section-height-default\" data-id=\"b41172a\" data-element_type=\"section\" data-e-type=\"section\" data-settings=\"{&quot;stretch_section&quot;:&quot;section-stretched&quot;,&quot;jet_parallax_layout_list&quot;:[]}\">\n\t\t\t\t\t\t<div class=\"elementor-container elementor-column-gap-default\">\n\t\t\t\t\t<div class=\"elementor-column elementor-col-50 elementor-top-column elementor-element elementor-element-38b6bac\" data-id=\"38b6bac\" data-element_type=\"column\" data-e-type=\"column\">\n\t\t\t<div class=\"elementor-widget-wrap elementor-element-populated\">\n\t\t\t\t\t\t<div class=\"elementor-element elementor-element-f8c6cae elementor-widget elementor-widget-heading\" data-id=\"f8c6cae\" data-element_type=\"widget\" data-e-type=\"widget\" data-widget_type=\"heading.default\">\n\t\t\t\t<div class=\"elementor-widget-container\">\n\t\t\t\t\t<h1 class=\"elementor-heading-title elementor-size-default\">Events<\/h1>\t\t\t\t<\/div>\n\t\t\t\t<\/div>\n\t\t\t\t<div class=\"elementor-element elementor-element-4b8e0d1 elementor-widget elementor-widget-text-editor\" data-id=\"4b8e0d1\" data-element_type=\"widget\" data-e-type=\"widget\" data-widget_type=\"text-editor.default\">\n\t\t\t\t<div class=\"elementor-widget-container\">\n\t\t\t\t\t\t\t\t\t<p>Organisez vos \u00e9v\u00e8nements sur-mesure au Riad Infinity Sea ! Cocktails d\u00eenatoires, d\u00eeners et spectacles, f\u00eate d\u2019anniversaire, mariage, c\u00e9l\u00e9brations\u2026 L\u2019\u00e9tablissement peut \u00eatre privatis\u00e9 sur plusieurs jours ou le temps d\u2019une soir\u00e9e.<br \/>Fort de son exp\u00e9rience en communication et \u00e9v\u00e8nementiel, Marco vous aidera \u00e0 organiser l\u2019\u00e9v\u00e8nement parfait. Pour vos \u00e9v\u00e8nements \u00ab tr\u00e8s luxe \u00bb, nous mettons \u00e0 votre disposition notre \u00ab Luxe Event Designer \u00bb, Paola Ricotti (Vogue Inde, Vuitton Chine, Bulgari\u2026).\u00a0<\/p>\t\t\t\t\t\t\t\t<\/div>\n\t\t\t\t<\/div>\n\t\t\t\t<div class=\"elementor-element elementor-element-f9e1188 elementor-tablet-align-center elementor-align-left elementor-mobile-align-center elementor-widget elementor-widget-raven-button\" data-id=\"f9e1188\" data-element_type=\"widget\" data-e-type=\"widget\" data-settings=\"{&quot;turn_to_popup_action_button&quot;:&quot;no&quot;}\" data-widget_type=\"raven-button.default\">\n\t\t\t\t<div class=\"elementor-widget-container\">\n\t\t\t\t\t\t\t<div class=\"raven-widget-wrapper\">\n\t\t\t<a class=\"raven-button raven-button-widget-normal-effect-none  raven-button-text-align-center raven-button-link elementor-animation-none\" href=\"https:\/\/book.octorate.com\/octobook\/site\/reservation\/index.xhtml;octobooksessionid=7fde6e5be99f990244b4886a3ede?codice=168645\" target=\"_blank\">\t\t\t\t<div class=\"raven-button-overlay\" ><\/div>\n\t\t\t\t<span class=\"raven-button-content\">\n\t\t\t\t\t\n\t\t\t\t\t<div class=\"button-text-container\">\n\t\t\t\t\t\t\t\t\t\t\t\t<div class=\"raven-button-texts-wrapper\">\n\t\t\t\t\t\t\t<div class=\"button-text\">\n\t\t\t\t\t\t\t\t<span class=\"raven-button-text\">\n\t\t\t\t\t\t\t\t\tBook now\t\t\t\t\t\t\t\t<\/span>\n\t\t\t\t\t\t\t<\/div>\n\t\t\t\t\t\t\t\t\t\t\t\t\t<\/div>\n\t\t\t\t\t\t\t\t\t<span class=\"raven-button-icon raven-button-icon-position-right\">\n\t\t\t\t<svg xmlns=\"http:\/\/www.w3.org\/2000\/svg\" width=\"222.306\" height=\"168.87\" viewBox=\"0 0 222.306 168.87\"><path id=\"iconmonstr-arrow-right-thin\" d=\"M202.7,94.066l-69.722,70.191,5.965,8.612L222.306,88.2,138.943,4l-5.975,8.6,69.739,70.207H0V94.066Z\" transform=\"translate(0 -4)\" fill=\"#c8a764\" fill-rule=\"evenodd\"><\/path><\/svg>\t\t\t<\/span>\n\t\t\t\t\t\t\t<\/div>\n\t\t\t\t\t\n\t\t\t\t\t\t\t\t\t<\/span>\n\t\t\t<\/a>\t\t<\/div>\n\t\t\t\t\t\t<\/div>\n\t\t\t\t<\/div>\n\t\t\t\t\t<\/div>\n\t\t<\/div>\n\t\t\t\t<div class=\"elementor-column elementor-col-50 elementor-top-column elementor-element elementor-element-f3471c7\" data-id=\"f3471c7\" data-element_type=\"column\" data-e-type=\"column\">\n\t\t\t<div class=\"elementor-widget-wrap elementor-element-populated\">\n\t\t\t\t\t\t<div class=\"elementor-element elementor-element-5d740a5 elementor-widget elementor-widget-image\" data-id=\"5d740a5\" data-element_type=\"widget\" data-e-type=\"widget\" data-widget_type=\"image.default\">\n\t\t\t\t<div class=\"elementor-widget-container\">\n\t\t\t\t\t\t\t\t\t\t\t\t\t\t\t<img fetchpriority=\"high\" decoding=\"async\" width=\"650\" height=\"434\" src=\"https:\/\/www.riadinfinityandspa.com\/wp-content\/uploads\/2022\/05\/evn.png\" class=\"attachment-full size-full wp-image-2815\" alt=\"\" srcset=\"https:\/\/www.riadinfinityandspa.com\/wp-content\/uploads\/2022\/05\/evn.png 650w, https:\/\/www.riadinfinityandspa.com\/wp-content\/uploads\/2022\/05\/evn-300x200.png 300w\" sizes=\"(max-width: 650px) 100vw, 650px\" \/>\t\t\t\t\t\t\t\t\t\t\t\t\t\t\t<\/div>\n\t\t\t\t<\/div>\n\t\t\t\t\t<\/div>\n\t\t<\/div>\n\t\t\t\t\t<\/div>\n\t\t<\/section>\n\t\t\t\t<section class=\"elementor-section elementor-top-section elementor-element elementor-element-7d008d7 elementor-section-stretched elementor-section-boxed elementor-section-height-default elementor-section-height-default\" data-id=\"7d008d7\" data-element_type=\"section\" data-e-type=\"section\" data-settings=\"{&quot;stretch_section&quot;:&quot;section-stretched&quot;,&quot;jet_parallax_layout_list&quot;:[]}\">\n\t\t\t\t\t\t<div class=\"elementor-container elementor-column-gap-default\">\n\t\t\t\t\t<div class=\"elementor-column elementor-col-100 elementor-top-column elementor-element elementor-element-31a1bd1\" data-id=\"31a1bd1\" data-element_type=\"column\" data-e-type=\"column\">\n\t\t\t<div class=\"elementor-widget-wrap elementor-element-populated\">\n\t\t\t\t\t\t<div class=\"elementor-element elementor-element-8e076d8 elementor-widget elementor-widget-image\" data-id=\"8e076d8\" data-element_type=\"widget\" data-e-type=\"widget\" data-widget_type=\"image.default\">\n\t\t\t\t<div class=\"elementor-widget-container\">\n\t\t\t\t\t\t\t\t\t\t\t\t\t\t\t<img decoding=\"async\" width=\"1140\" height=\"518\" src=\"https:\/\/www.riadinfinityandspa.com\/wp-content\/uploads\/2022\/04\/evnts-2.jpg\" class=\"attachment-full size-full wp-image-2471\" alt=\"\" srcset=\"https:\/\/www.riadinfinityandspa.com\/wp-content\/uploads\/2022\/04\/evnts-2.jpg 1140w, https:\/\/www.riadinfinityandspa.com\/wp-content\/uploads\/2022\/04\/evnts-2-300x136.jpg 300w, https:\/\/www.riadinfinityandspa.com\/wp-content\/uploads\/2022\/04\/evnts-2-1024x465.jpg 1024w, https:\/\/www.riadinfinityandspa.com\/wp-content\/uploads\/2022\/04\/evnts-2-768x349.jpg 768w\" sizes=\"(max-width: 1140px) 100vw, 1140px\" \/>\t\t\t\t\t\t\t\t\t\t\t\t\t\t\t<\/div>\n\t\t\t\t<\/div>\n\t\t\t\t\t<\/div>\n\t\t<\/div>\n\t\t\t\t\t<\/div>\n\t\t<\/section>\n\t\t\t\t<section class=\"elementor-section elementor-top-section elementor-element elementor-element-46cc066 elementor-section-stretched elementor-section-boxed elementor-section-height-default elementor-section-height-default\" data-id=\"46cc066\" data-element_type=\"section\" data-e-type=\"section\" data-settings=\"{&quot;stretch_section&quot;:&quot;section-stretched&quot;,&quot;jet_parallax_layout_list&quot;:[]}\">\n\t\t\t\t\t\t<div class=\"elementor-container elementor-column-gap-default\">\n\t\t\t\t\t<div class=\"elementor-column elementor-col-50 elementor-top-column elementor-element elementor-element-76a3dcd\" data-id=\"76a3dcd\" data-element_type=\"column\" data-e-type=\"column\">\n\t\t\t<div class=\"elementor-widget-wrap elementor-element-populated\">\n\t\t\t\t\t\t<div class=\"elementor-element elementor-element-93e3934 elementor-widget elementor-widget-image\" data-id=\"93e3934\" data-element_type=\"widget\" data-e-type=\"widget\" data-widget_type=\"image.default\">\n\t\t\t\t<div class=\"elementor-widget-container\">\n\t\t\t\t\t\t\t\t\t\t\t\t\t\t\t<img decoding=\"async\" width=\"558\" height=\"366\" src=\"https:\/\/www.riadinfinityandspa.com\/wp-content\/uploads\/2022\/04\/evnts-3.jpg\" class=\"attachment-full size-full wp-image-2472\" alt=\"\" srcset=\"https:\/\/www.riadinfinityandspa.com\/wp-content\/uploads\/2022\/04\/evnts-3.jpg 558w, https:\/\/www.riadinfinityandspa.com\/wp-content\/uploads\/2022\/04\/evnts-3-300x197.jpg 300w\" sizes=\"(max-width: 558px) 100vw, 558px\" \/>\t\t\t\t\t\t\t\t\t\t\t\t\t\t\t<\/div>\n\t\t\t\t<\/div>\n\t\t\t\t<div class=\"elementor-element elementor-element-0b1c499 elementor-widget elementor-widget-image\" data-id=\"0b1c499\" data-element_type=\"widget\" data-e-type=\"widget\" data-widget_type=\"image.default\">\n\t\t\t\t<div class=\"elementor-widget-container\">\n\t\t\t\t\t\t\t\t\t\t\t\t\t\t\t<img loading=\"lazy\" decoding=\"async\" width=\"558\" height=\"452\" src=\"https:\/\/www.riadinfinityandspa.com\/wp-content\/uploads\/2022\/04\/evnts-6.jpg\" class=\"attachment-full size-full wp-image-2475\" alt=\"\" srcset=\"https:\/\/www.riadinfinityandspa.com\/wp-content\/uploads\/2022\/04\/evnts-6.jpg 558w, https:\/\/www.riadinfinityandspa.com\/wp-content\/uploads\/2022\/04\/evnts-6-300x243.jpg 300w\" sizes=\"(max-width: 558px) 100vw, 558px\" \/>\t\t\t\t\t\t\t\t\t\t\t\t\t\t\t<\/div>\n\t\t\t\t<\/div>\n\t\t\t\t\t<\/div>\n\t\t<\/div>\n\t\t\t\t<div class=\"elementor-column elementor-col-50 elementor-top-column elementor-element elementor-element-f91f603\" data-id=\"f91f603\" data-element_type=\"column\" data-e-type=\"column\">\n\t\t\t<div class=\"elementor-widget-wrap elementor-element-populated\">\n\t\t\t\t\t\t<div class=\"elementor-element elementor-element-ff59a92 elementor-widget elementor-widget-image\" data-id=\"ff59a92\" data-element_type=\"widget\" data-e-type=\"widget\" data-widget_type=\"image.default\">\n\t\t\t\t<div class=\"elementor-widget-container\">\n\t\t\t\t\t\t\t\t\t\t\t\t\t\t\t<img loading=\"lazy\" decoding=\"async\" width=\"558\" height=\"842\" src=\"https:\/\/www.riadinfinityandspa.com\/wp-content\/uploads\/2022\/04\/evnts-4.jpg\" class=\"attachment-full size-full wp-image-2473\" alt=\"\" srcset=\"https:\/\/www.riadinfinityandspa.com\/wp-content\/uploads\/2022\/04\/evnts-4.jpg 558w, https:\/\/www.riadinfinityandspa.com\/wp-content\/uploads\/2022\/04\/evnts-4-199x300.jpg 199w\" sizes=\"(max-width: 558px) 100vw, 558px\" \/>\t\t\t\t\t\t\t\t\t\t\t\t\t\t\t<\/div>\n\t\t\t\t<\/div>\n\t\t\t\t\t<\/div>\n\t\t<\/div>\n\t\t\t\t\t<\/div>\n\t\t<\/section>\n\t\t\t\t<section class=\"elementor-section elementor-top-section elementor-element elementor-element-0674653 elementor-section-stretched elementor-section-boxed elementor-section-height-default elementor-section-height-default\" data-id=\"0674653\" data-element_type=\"section\" data-e-type=\"section\" data-settings=\"{&quot;stretch_section&quot;:&quot;section-stretched&quot;,&quot;jet_parallax_layout_list&quot;:[]}\">\n\t\t\t\t\t\t<div class=\"elementor-container elementor-column-gap-default\">\n\t\t\t\t\t<div class=\"elementor-column elementor-col-100 elementor-top-column elementor-element elementor-element-c674474\" data-id=\"c674474\" data-element_type=\"column\" data-e-type=\"column\">\n\t\t\t<div class=\"elementor-widget-wrap elementor-element-populated\">\n\t\t\t\t\t\t<div class=\"elementor-element elementor-element-9c4848b elementor-widget elementor-widget-image\" data-id=\"9c4848b\" data-element_type=\"widget\" data-e-type=\"widget\" data-widget_type=\"image.default\">\n\t\t\t\t<div class=\"elementor-widget-container\">\n\t\t\t\t\t\t\t\t\t\t\t\t\t\t\t<img loading=\"lazy\" decoding=\"async\" width=\"1140\" height=\"498\" src=\"https:\/\/www.riadinfinityandspa.com\/wp-content\/uploads\/2022\/04\/evnts-5.jpg\" class=\"attachment-full size-full wp-image-2474\" alt=\"\" srcset=\"https:\/\/www.riadinfinityandspa.com\/wp-content\/uploads\/2022\/04\/evnts-5.jpg 1140w, https:\/\/www.riadinfinityandspa.com\/wp-content\/uploads\/2022\/04\/evnts-5-300x131.jpg 300w, https:\/\/www.riadinfinityandspa.com\/wp-content\/uploads\/2022\/04\/evnts-5-1024x447.jpg 1024w, https:\/\/www.riadinfinityandspa.com\/wp-content\/uploads\/2022\/04\/evnts-5-768x335.jpg 768w\" sizes=\"(max-width: 1140px) 100vw, 1140px\" \/>\t\t\t\t\t\t\t\t\t\t\t\t\t\t\t<\/div>\n\t\t\t\t<\/div>\n\t\t\t\t\t<\/div>\n\t\t<\/div>\n\t\t\t\t\t<\/div>\n\t\t<\/section>\n\t\t\t\t<\/div>\n\t\t","protected":false},"excerpt":{"rendered":"<p>Events Organisez vos \u00e9v\u00e8nements sur-mesure au Riad Infinity Sea ! Cocktails d\u00eenatoires, d\u00eeners et spectacles, f\u00eate d\u2019anniversaire, mariage, c\u00e9l\u00e9brations\u2026 L\u2019\u00e9tablissement peut \u00eatre privatis\u00e9 sur plusieurs jours ou le temps d\u2019une soir\u00e9e.Fort de son exp\u00e9rience en communication et \u00e9v\u00e8nementiel, Marco vous aidera \u00e0 organiser l\u2019\u00e9v\u00e8nement parfait. Pour vos \u00e9v\u00e8nements \u00ab tr\u00e8s luxe \u00bb, nous mettons \u00e0 [&hellip;]<\/p>\n","protected":false},"author":3,"featured_media":0,"parent":0,"menu_order":0,"comment_status":"closed","ping_status":"closed","template":"","meta":{"_acf_changed":false,"footnotes":""},"class_list":["post-2860","page","type-page","status-publish","hentry"],"acf":[],"yoast_head":"<!-- This site is optimized with the Yoast SEO plugin v27.5 - https:\/\/yoast.com\/product\/yoast-seo-wordpress\/ -->\n<title>Events - Riad Infinity and Spa<\/title>\n<meta name=\"description\" content=\"Organize your custom-made events at Riad Infinity! Cocktail parties, dinners and shows, birthday parties, weddings, celebrations\" \/>\n<meta name=\"robots\" content=\"index, follow, max-snippet:-1, max-image-preview:large, max-video-preview:-1\" \/>\n<link rel=\"canonical\" href=\"https:\/\/www.riadinfinityandspa.com\/en\/events\/\" \/>\n<meta property=\"og:locale\" content=\"en_US\" \/>\n<meta property=\"og:type\" content=\"article\" \/>\n<meta property=\"og:title\" content=\"Events - Riad Infinity and Spa\" \/>\n<meta property=\"og:description\" content=\"Organize your custom-made events at Riad Infinity! Cocktail parties, dinners and shows, birthday parties, weddings, celebrations\" \/>\n<meta property=\"og:url\" content=\"https:\/\/www.riadinfinityandspa.com\/en\/events\/\" \/>\n<meta property=\"og:site_name\" content=\"riadinfinityandspa\" \/>\n<meta property=\"article:modified_time\" content=\"2022-05-10T08:14:20+00:00\" \/>\n<meta property=\"og:image\" content=\"https:\/\/www.riadinfinityandspa.com\/wp-content\/uploads\/2022\/05\/evn.png\" \/>\n<meta name=\"twitter:card\" content=\"summary_large_image\" \/>\n<script type=\"application\/ld+json\" class=\"yoast-schema-graph\">{\"@context\":\"https:\\\/\\\/schema.org\",\"@graph\":[{\"@type\":\"WebPage\",\"@id\":\"https:\\\/\\\/www.riadinfinityandspa.com\\\/en\\\/events\\\/\",\"url\":\"https:\\\/\\\/www.riadinfinityandspa.com\\\/en\\\/events\\\/\",\"name\":\"Events - Riad Infinity and Spa\",\"isPartOf\":{\"@id\":\"https:\\\/\\\/www.riadinfinityandspa.com\\\/en\\\/#website\"},\"primaryImageOfPage\":{\"@id\":\"https:\\\/\\\/www.riadinfinityandspa.com\\\/en\\\/events\\\/#primaryimage\"},\"image\":{\"@id\":\"https:\\\/\\\/www.riadinfinityandspa.com\\\/en\\\/events\\\/#primaryimage\"},\"thumbnailUrl\":\"https:\\\/\\\/www.riadinfinityandspa.com\\\/wp-content\\\/uploads\\\/2022\\\/05\\\/evn.png\",\"datePublished\":\"2022-04-14T14:00:50+00:00\",\"dateModified\":\"2022-05-10T08:14:20+00:00\",\"description\":\"Organize your custom-made events at Riad Infinity! Cocktail parties, dinners and shows, birthday parties, weddings, celebrations\",\"breadcrumb\":{\"@id\":\"https:\\\/\\\/www.riadinfinityandspa.com\\\/en\\\/events\\\/#breadcrumb\"},\"inLanguage\":\"en-US\",\"potentialAction\":[{\"@type\":\"ReadAction\",\"target\":[\"https:\\\/\\\/www.riadinfinityandspa.com\\\/en\\\/events\\\/\"]}]},{\"@type\":\"ImageObject\",\"inLanguage\":\"en-US\",\"@id\":\"https:\\\/\\\/www.riadinfinityandspa.com\\\/en\\\/events\\\/#primaryimage\",\"url\":\"https:\\\/\\\/www.riadinfinityandspa.com\\\/wp-content\\\/uploads\\\/2022\\\/05\\\/evn.png\",\"contentUrl\":\"https:\\\/\\\/www.riadinfinityandspa.com\\\/wp-content\\\/uploads\\\/2022\\\/05\\\/evn.png\"},{\"@type\":\"BreadcrumbList\",\"@id\":\"https:\\\/\\\/www.riadinfinityandspa.com\\\/en\\\/events\\\/#breadcrumb\",\"itemListElement\":[{\"@type\":\"ListItem\",\"position\":1,\"name\":\"Accueil\",\"item\":\"https:\\\/\\\/www.riadinfinityandspa.com\\\/en\\\/\"},{\"@type\":\"ListItem\",\"position\":2,\"name\":\"Events\"}]},{\"@type\":\"WebSite\",\"@id\":\"https:\\\/\\\/www.riadinfinityandspa.com\\\/en\\\/#website\",\"url\":\"https:\\\/\\\/www.riadinfinityandspa.com\\\/en\\\/\",\"name\":\"riadinfinityandspa\",\"description\":\"riadinfinityandspa\",\"potentialAction\":[{\"@type\":\"SearchAction\",\"target\":{\"@type\":\"EntryPoint\",\"urlTemplate\":\"https:\\\/\\\/www.riadinfinityandspa.com\\\/en\\\/?s={search_term_string}\"},\"query-input\":{\"@type\":\"PropertyValueSpecification\",\"valueRequired\":true,\"valueName\":\"search_term_string\"}}],\"inLanguage\":\"en-US\"}]}<\/script>\n<!-- \/ Yoast SEO plugin. -->","yoast_head_json":{"title":"Events - Riad Infinity and Spa","description":"Organize your custom-made events at Riad Infinity! Cocktail parties, dinners and shows, birthday parties, weddings, celebrations","robots":{"index":"index","follow":"follow","max-snippet":"max-snippet:-1","max-image-preview":"max-image-preview:large","max-video-preview":"max-video-preview:-1"},"canonical":"https:\/\/www.riadinfinityandspa.com\/en\/events\/","og_locale":"en_US","og_type":"article","og_title":"Events - Riad Infinity and Spa","og_description":"Organize your custom-made events at Riad Infinity! Cocktail parties, dinners and shows, birthday parties, weddings, celebrations","og_url":"https:\/\/www.riadinfinityandspa.com\/en\/events\/","og_site_name":"riadinfinityandspa","article_modified_time":"2022-05-10T08:14:20+00:00","og_image":[{"url":"https:\/\/www.riadinfinityandspa.com\/wp-content\/uploads\/2022\/05\/evn.png","type":"","width":"","height":""}],"twitter_card":"summary_large_image","schema":{"@context":"https:\/\/schema.org","@graph":[{"@type":"WebPage","@id":"https:\/\/www.riadinfinityandspa.com\/en\/events\/","url":"https:\/\/www.riadinfinityandspa.com\/en\/events\/","name":"Events - Riad Infinity and Spa","isPartOf":{"@id":"https:\/\/www.riadinfinityandspa.com\/en\/#website"},"primaryImageOfPage":{"@id":"https:\/\/www.riadinfinityandspa.com\/en\/events\/#primaryimage"},"image":{"@id":"https:\/\/www.riadinfinityandspa.com\/en\/events\/#primaryimage"},"thumbnailUrl":"https:\/\/www.riadinfinityandspa.com\/wp-content\/uploads\/2022\/05\/evn.png","datePublished":"2022-04-14T14:00:50+00:00","dateModified":"2022-05-10T08:14:20+00:00","description":"Organize your custom-made events at Riad Infinity! Cocktail parties, dinners and shows, birthday parties, weddings, celebrations","breadcrumb":{"@id":"https:\/\/www.riadinfinityandspa.com\/en\/events\/#breadcrumb"},"inLanguage":"en-US","potentialAction":[{"@type":"ReadAction","target":["https:\/\/www.riadinfinityandspa.com\/en\/events\/"]}]},{"@type":"ImageObject","inLanguage":"en-US","@id":"https:\/\/www.riadinfinityandspa.com\/en\/events\/#primaryimage","url":"https:\/\/www.riadinfinityandspa.com\/wp-content\/uploads\/2022\/05\/evn.png","contentUrl":"https:\/\/www.riadinfinityandspa.com\/wp-content\/uploads\/2022\/05\/evn.png"},{"@type":"BreadcrumbList","@id":"https:\/\/www.riadinfinityandspa.com\/en\/events\/#breadcrumb","itemListElement":[{"@type":"ListItem","position":1,"name":"Accueil","item":"https:\/\/www.riadinfinityandspa.com\/en\/"},{"@type":"ListItem","position":2,"name":"Events"}]},{"@type":"WebSite","@id":"https:\/\/www.riadinfinityandspa.com\/en\/#website","url":"https:\/\/www.riadinfinityandspa.com\/en\/","name":"riadinfinityandspa","description":"riadinfinityandspa","potentialAction":[{"@type":"SearchAction","target":{"@type":"EntryPoint","urlTemplate":"https:\/\/www.riadinfinityandspa.com\/en\/?s={search_term_string}"},"query-input":{"@type":"PropertyValueSpecification","valueRequired":true,"valueName":"search_term_string"}}],"inLanguage":"en-US"}]}},"_links":{"self":[{"href":"https:\/\/www.riadinfinityandspa.com\/en\/wp-json\/wp\/v2\/pages\/2860","targetHints":{"allow":["GET"]}}],"collection":[{"href":"https:\/\/www.riadinfinityandspa.com\/en\/wp-json\/wp\/v2\/pages"}],"about":[{"href":"https:\/\/www.riadinfinityandspa.com\/en\/wp-json\/wp\/v2\/types\/page"}],"author":[{"embeddable":true,"href":"https:\/\/www.riadinfinityandspa.com\/en\/wp-json\/wp\/v2\/users\/3"}],"replies":[{"embeddable":true,"href":"https:\/\/www.riadinfinityandspa.com\/en\/wp-json\/wp\/v2\/comments?post=2860"}],"version-history":[{"count":0,"href":"https:\/\/www.riadinfinityandspa.com\/en\/wp-json\/wp\/v2\/pages\/2860\/revisions"}],"wp:attachment":[{"href":"https:\/\/www.riadinfinityandspa.com\/en\/wp-json\/wp\/v2\/media?parent=2860"}],"curies":[{"name":"wp","href":"https:\/\/api.w.org\/{rel}","templated":true}]}}